{"id":115,"date":"2020-10-25T13:15:22","date_gmt":"2020-10-25T12:15:22","guid":{"rendered":"https:\/\/hoh.helmantika.com\/?page_id=115"},"modified":"2020-10-25T13:22:04","modified_gmt":"2020-10-25T12:22:04","slug":"amstrad-cpc","status":"publish","type":"page","link":"https:\/\/hoh.helmantika.com\/en\/amstrad-cpc\/","title":{"rendered":"Amstrad CPC"},"content":{"rendered":"<p class=\"has-normal-font-size\">At first sight, there is a notable difference between the Amstrad CPC version and the Spectrum one. It could be said that graphics of CPC version are the coloured graphics of Speccy one and it would be true, because if we don't take into account the number of colours, their screenshots would be alike. Higher resolution of CPC computer was similar to the Sinclair's machine, but CPC could show four colours at the same time  (no colour clash). For that reason, Filmation games had better quality in this machine.<\/p>\n\n\n\n<div class=\"wp-block-image\"><figure class=\"aligncenter size-large\"><img loading=\"lazy\" decoding=\"async\" width=\"300\" height=\"195\" src=\"https:\/\/hoh.helmantika.com\/wp-content\/uploads\/2020\/10\/amstradcpc.jpg\" alt=\"\" class=\"wp-image-116\" srcset=\"https:\/\/hoh.helmantika.com\/wp-content\/uploads\/2020\/10\/amstradcpc.jpg 300w, https:\/\/hoh.helmantika.com\/wp-content\/uploads\/2020\/10\/amstradcpc-16x10.jpg 16w\" sizes=\"auto, (max-width: 300px) 100vw, 300px\" \/><figcaption>Amstrad CPC 464<\/figcaption><\/figure><\/div>\n\n\n\n<p class=\"has-normal-font-size\">If you look at screenshots carefully, you may appreciate too that this version has more sprites. Two new gates were added (or maybe removed from the Spectrum version). They are Moonbase and Safari gates. Why? Because the amount of RAM memory was very little and a few bytes more or less could make to add or remove some little things.<\/p>\n\n\n\n<h2 class=\"wp-block-heading\">Downloads<\/h2>\n\n\n\n<figure class=\"wp-block-table\"><table><tbody><tr><td><img loading=\"lazy\" decoding=\"async\" width=\"100\" height=\"49\" class=\"wp-image-117\" style=\"width: 100px;\" src=\"https:\/\/hoh.helmantika.com\/wp-content\/uploads\/2020\/10\/amstrad_logo.png\" alt=\"\" srcset=\"https:\/\/hoh.helmantika.com\/wp-content\/uploads\/2020\/10\/amstrad_logo.png 100w, https:\/\/hoh.helmantika.com\/wp-content\/uploads\/2020\/10\/amstrad_logo-16x8.png 16w\" sizes=\"auto, (max-width: 100px) 100vw, 100px\" \/><\/td><td><img loading=\"lazy\" decoding=\"async\" width=\"90\" height=\"43\" class=\"wp-image-118\" style=\"width: 90px;\" src=\"https:\/\/hoh.helmantika.com\/wp-content\/uploads\/2020\/10\/diskette.png\" alt=\"\" srcset=\"https:\/\/hoh.helmantika.com\/wp-content\/uploads\/2020\/10\/diskette.png 90w, https:\/\/hoh.helmantika.com\/wp-content\/uploads\/2020\/10\/diskette-16x8.png 16w\" sizes=\"auto, (max-width: 90px) 100vw, 90px\" \/><\/td><td><a href=\"https:\/\/hoh.helmantika.com\/wp-content\/uploads\/2020\/10\/HeadOverHeels-Amstrad.zip\">Head over Heels (Amstrad CPC 6128) - DSK format<\/a><\/td><\/tr><\/tbody><\/table><\/figure>\n\n\n\n<h2 class=\"wp-block-heading\">Amstrad CPC Screenshots<\/h2>\n\n\n\n<figure class=\"wp-block-gallery aligncenter columns-2 wp-block-gallery-1 is-layout-flex wp-block-gallery-is-layout-flex\"><ul class=\"blocks-gallery-grid\"><li class=\"blocks-gallery-item\"><figure><img loading=\"lazy\" decoding=\"async\" width=\"328\" height=\"214\" src=\"https:\/\/hoh.helmantika.com\/wp-content\/uploads\/2020\/10\/cpc09.gif\" alt=\"\" data-id=\"128\" data-full-url=\"https:\/\/hoh.helmantika.com\/wp-content\/uploads\/2020\/10\/cpc09.gif\" data-link=\"https:\/\/hoh.helmantika.com\/?attachment_id=128\" class=\"wp-image-128\"\/><\/figure><\/li><li class=\"blocks-gallery-item\"><figure><img loading=\"lazy\" decoding=\"async\" width=\"268\" height=\"214\" src=\"https:\/\/hoh.helmantika.com\/wp-content\/uploads\/2020\/10\/cpc00.gif\" alt=\"\" data-id=\"119\" data-full-url=\"https:\/\/hoh.helmantika.com\/wp-content\/uploads\/2020\/10\/cpc00.gif\" data-link=\"https:\/\/hoh.helmantika.com\/?attachment_id=119\" class=\"wp-image-119\"\/><\/figure><\/li><li class=\"blocks-gallery-item\"><figure><img loading=\"lazy\" decoding=\"async\" width=\"268\" height=\"200\" src=\"https:\/\/hoh.helmantika.com\/wp-content\/uploads\/2020\/10\/cpc01.gif\" alt=\"\" data-id=\"120\" data-full-url=\"https:\/\/hoh.helmantika.com\/wp-content\/uploads\/2020\/10\/cpc01.gif\" data-link=\"https:\/\/hoh.helmantika.com\/?attachment_id=120\" class=\"wp-image-120\"\/><\/figure><\/li><li class=\"blocks-gallery-item\"><figure><img loading=\"lazy\" decoding=\"async\" width=\"268\" height=\"214\" src=\"https:\/\/hoh.helmantika.com\/wp-content\/uploads\/2020\/10\/cpc02.gif\" alt=\"\" data-id=\"121\" data-full-url=\"https:\/\/hoh.helmantika.com\/wp-content\/uploads\/2020\/10\/cpc02.gif\" data-link=\"https:\/\/hoh.helmantika.com\/?attachment_id=121\" class=\"wp-image-121\"\/><\/figure><\/li><li class=\"blocks-gallery-item\"><figure><img loading=\"lazy\" decoding=\"async\" width=\"268\" height=\"214\" src=\"https:\/\/hoh.helmantika.com\/wp-content\/uploads\/2020\/10\/cpc03.gif\" alt=\"\" data-id=\"122\" data-full-url=\"https:\/\/hoh.helmantika.com\/wp-content\/uploads\/2020\/10\/cpc03.gif\" data-link=\"https:\/\/hoh.helmantika.com\/?attachment_id=122\" class=\"wp-image-122\"\/><\/figure><\/li><li class=\"blocks-gallery-item\"><figure><img loading=\"lazy\" decoding=\"async\" width=\"268\" height=\"214\" src=\"https:\/\/hoh.helmantika.com\/wp-content\/uploads\/2020\/10\/cpc04.gif\" alt=\"\" data-id=\"123\" data-full-url=\"https:\/\/hoh.helmantika.com\/wp-content\/uploads\/2020\/10\/cpc04.gif\" data-link=\"https:\/\/hoh.helmantika.com\/?attachment_id=123\" class=\"wp-image-123\"\/><\/figure><\/li><li class=\"blocks-gallery-item\"><figure><img loading=\"lazy\" decoding=\"async\" width=\"268\" height=\"214\" src=\"https:\/\/hoh.helmantika.com\/wp-content\/uploads\/2020\/10\/cpc05.gif\" alt=\"\" data-id=\"124\" data-full-url=\"https:\/\/hoh.helmantika.com\/wp-content\/uploads\/2020\/10\/cpc05.gif\" data-link=\"https:\/\/hoh.helmantika.com\/?attachment_id=124\" class=\"wp-image-124\"\/><\/figure><\/li><li class=\"blocks-gallery-item\"><figure><img loading=\"lazy\" decoding=\"async\" width=\"268\" height=\"214\" src=\"https:\/\/hoh.helmantika.com\/wp-content\/uploads\/2020\/10\/cpc06.gif\" alt=\"\" data-id=\"125\" data-full-url=\"https:\/\/hoh.helmantika.com\/wp-content\/uploads\/2020\/10\/cpc06.gif\" data-link=\"https:\/\/hoh.helmantika.com\/?attachment_id=125\" class=\"wp-image-125\"\/><\/figure><\/li><li class=\"blocks-gallery-item\"><figure><img loading=\"lazy\" decoding=\"async\" width=\"268\" height=\"214\" src=\"https:\/\/hoh.helmantika.com\/wp-content\/uploads\/2020\/10\/cpc07.gif\" alt=\"\" data-id=\"126\" data-full-url=\"https:\/\/hoh.helmantika.com\/wp-content\/uploads\/2020\/10\/cpc07.gif\" data-link=\"https:\/\/hoh.helmantika.com\/?attachment_id=126\" class=\"wp-image-126\"\/><\/figure><\/li><li class=\"blocks-gallery-item\"><figure><img loading=\"lazy\" decoding=\"async\" width=\"268\" height=\"214\" src=\"https:\/\/hoh.helmantika.com\/wp-content\/uploads\/2020\/10\/cpc08.gif\" alt=\"\" data-id=\"127\" data-full-url=\"https:\/\/hoh.helmantika.com\/wp-content\/uploads\/2020\/10\/cpc08.gif\" data-link=\"https:\/\/hoh.helmantika.com\/?attachment_id=127\" class=\"wp-image-127\"\/><\/figure><\/li><\/ul><\/figure>","protected":false},"excerpt":{"rendered":"<p>A simple vista, las diferencias con respecto a la versi\u00f3n de los ordenadores Sinclair y compatibles son notables. Bien se podr\u00eda decir que son los gr\u00e1ficos del Spectrum pero coloreados, porque si obviamos el n\u00famero [&hellip;]<\/p>","protected":false},"author":1,"featured_media":0,"parent":0,"menu_order":0,"comment_status":"closed","ping_status":"closed","template":"","meta":{"footnotes":""},"class_list":["post-115","page","type-page","status-publish","hentry"],"_links":{"self":[{"href":"https:\/\/hoh.helmantika.com\/en\/wp-json\/wp\/v2\/pages\/115","targetHints":{"allow":["GET"]}}],"collection":[{"href":"https:\/\/hoh.helmantika.com\/en\/wp-json\/wp\/v2\/pages"}],"about":[{"href":"https:\/\/hoh.helmantika.com\/en\/wp-json\/wp\/v2\/types\/page"}],"author":[{"embeddable":true,"href":"https:\/\/hoh.helmantika.com\/en\/wp-json\/wp\/v2\/users\/1"}],"replies":[{"embeddable":true,"href":"https:\/\/hoh.helmantika.com\/en\/wp-json\/wp\/v2\/comments?post=115"}],"version-history":[{"count":5,"href":"https:\/\/hoh.helmantika.com\/en\/wp-json\/wp\/v2\/pages\/115\/revisions"}],"predecessor-version":[{"id":135,"href":"https:\/\/hoh.helmantika.com\/en\/wp-json\/wp\/v2\/pages\/115\/revisions\/135"}],"wp:attachment":[{"href":"https:\/\/hoh.helmantika.com\/en\/wp-json\/wp\/v2\/media?parent=115"}],"curies":[{"name":"wp","href":"https:\/\/api.w.org\/{rel}","templated":true}]}}