{"id":136,"date":"2020-10-25T13:36:20","date_gmt":"2020-10-25T12:36:20","guid":{"rendered":"https:\/\/hoh.helmantika.com\/?page_id=136"},"modified":"2020-10-25T13:40:59","modified_gmt":"2020-10-25T12:40:59","slug":"commodore-64","status":"publish","type":"page","link":"https:\/\/hoh.helmantika.com\/en\/commodore-64\/","title":{"rendered":"Commodore 64"},"content":{"rendered":"<p class=\"has-normal-font-size\">This version had not a remarkable difference when comparing with Spectrum one. The game was released later for Commodore 64 because this machine had not a Z80 processor and for that reason all the assembler code should be rewritten. Spectrum, Amstrad or MSX code could be adapted more quickly because they had the same processor.<\/p>\n\n\n\n<div class=\"wp-block-image\"><figure class=\"aligncenter size-large\"><img loading=\"lazy\" decoding=\"async\" width=\"300\" height=\"168\" src=\"https:\/\/hoh.helmantika.com\/wp-content\/uploads\/2020\/10\/commodore64.jpg\" alt=\"Commodore 64\" class=\"wp-image-137\" srcset=\"https:\/\/hoh.helmantika.com\/wp-content\/uploads\/2020\/10\/commodore64.jpg 300w, https:\/\/hoh.helmantika.com\/wp-content\/uploads\/2020\/10\/commodore64-16x9.jpg 16w\" sizes=\"auto, (max-width: 300px) 100vw, 300px\" \/><figcaption>Commodore 64<\/figcaption><\/figure><\/div>\n\n\n\n<p class=\"has-normal-font-size\">However, in this version there are some rooms that are different from the ones of other machines. We have seen two rooms at least, but it is quite possible that there are more. The explanation for this, according to Jon Ritman\u2019s words, is that the 6510A processor (the C64 processor) has a lower performance than the Z80.<\/p>\n\n\n\n<h2 class=\"wp-block-heading\">Downloads<\/h2>\n\n\n\n<figure class=\"wp-block-table\"><table><tbody><tr><td><img loading=\"lazy\" decoding=\"async\" width=\"59\" height=\"57\" class=\"wp-image-138\" style=\"width: 59px;\" src=\"https:\/\/hoh.helmantika.com\/wp-content\/uploads\/2020\/10\/commodore_logo.png\" alt=\"\" srcset=\"https:\/\/hoh.helmantika.com\/wp-content\/uploads\/2020\/10\/commodore_logo.png 59w, https:\/\/hoh.helmantika.com\/wp-content\/uploads\/2020\/10\/commodore_logo-12x12.png 12w\" sizes=\"auto, (max-width: 59px) 100vw, 59px\" \/><\/td><td><img loading=\"lazy\" decoding=\"async\" width=\"120\" height=\"43\" class=\"wp-image-92\" style=\"width: 120px;\" src=\"https:\/\/hoh.helmantika.com\/wp-content\/uploads\/2020\/10\/cassette.png\" alt=\"\" srcset=\"https:\/\/hoh.helmantika.com\/wp-content\/uploads\/2020\/10\/cassette.png 120w, https:\/\/hoh.helmantika.com\/wp-content\/uploads\/2020\/10\/cassette-16x6.png 16w\" sizes=\"auto, (max-width: 120px) 100vw, 120px\" \/><\/td><td><img loading=\"lazy\" decoding=\"async\" width=\"90\" height=\"43\" class=\"wp-image-118\" style=\"width: 90px;\" src=\"https:\/\/hoh.helmantika.com\/wp-content\/uploads\/2020\/10\/diskette.png\" alt=\"\" srcset=\"https:\/\/hoh.helmantika.com\/wp-content\/uploads\/2020\/10\/diskette.png 90w, https:\/\/hoh.helmantika.com\/wp-content\/uploads\/2020\/10\/diskette-16x8.png 16w\" sizes=\"auto, (max-width: 90px) 100vw, 90px\" \/><\/td><td><a href=\"https:\/\/hoh.helmantika.com\/wp-content\/uploads\/2020\/10\/HeadOverHeels-C64.zip\">Head over Heels (Commodore 64) - T64 and D64 formats<\/a><\/td><\/tr><tr><td><img loading=\"lazy\" decoding=\"async\" width=\"59\" height=\"57\" class=\"wp-image-138\" style=\"width: 59px;\" src=\"https:\/\/hoh.helmantika.com\/wp-content\/uploads\/2020\/10\/commodore_logo.png\" alt=\"\" srcset=\"https:\/\/hoh.helmantika.com\/wp-content\/uploads\/2020\/10\/commodore_logo.png 59w, https:\/\/hoh.helmantika.com\/wp-content\/uploads\/2020\/10\/commodore_logo-12x12.png 12w\" sizes=\"auto, (max-width: 59px) 100vw, 59px\" \/><\/td><td><img loading=\"lazy\" decoding=\"async\" width=\"120\" height=\"43\" class=\"wp-image-92\" style=\"width: 120px;\" src=\"https:\/\/hoh.helmantika.com\/wp-content\/uploads\/2020\/10\/cassette.png\" alt=\"\" srcset=\"https:\/\/hoh.helmantika.com\/wp-content\/uploads\/2020\/10\/cassette.png 120w, https:\/\/hoh.helmantika.com\/wp-content\/uploads\/2020\/10\/cassette-16x6.png 16w\" sizes=\"auto, (max-width: 120px) 100vw, 120px\" \/><\/td><td><\/td><td><a href=\"https:\/\/hoh.helmantika.com\/wp-content\/uploads\/2020\/10\/HeadOverHeels-C16.zip\">Head over Heels (Commodore 16) - PRG format<\/a><\/td><\/tr><\/tbody><\/table><\/figure>\n\n\n\n<h2 class=\"wp-block-heading\">Commodore 64 Screenshots<\/h2>\n\n\n\n<figure class=\"wp-block-gallery aligncenter columns-2 wp-block-gallery-1 is-layout-flex wp-block-gallery-is-layout-flex\"><ul class=\"blocks-gallery-grid\"><li class=\"blocks-gallery-item\"><figure><img loading=\"lazy\" decoding=\"async\" width=\"324\" height=\"204\" src=\"https:\/\/hoh.helmantika.com\/wp-content\/uploads\/2020\/10\/cbm00.gif\" alt=\"\" data-id=\"139\" data-full-url=\"https:\/\/hoh.helmantika.com\/wp-content\/uploads\/2020\/10\/cbm00.gif\" data-link=\"https:\/\/hoh.helmantika.com\/?attachment_id=139\" class=\"wp-image-139\"\/><\/figure><\/li><li class=\"blocks-gallery-item\"><figure><img loading=\"lazy\" decoding=\"async\" width=\"268\" height=\"218\" src=\"https:\/\/hoh.helmantika.com\/wp-content\/uploads\/2020\/10\/cbm01.gif\" alt=\"\" data-id=\"140\" data-full-url=\"https:\/\/hoh.helmantika.com\/wp-content\/uploads\/2020\/10\/cbm01.gif\" data-link=\"https:\/\/hoh.helmantika.com\/?attachment_id=140\" class=\"wp-image-140\"\/><\/figure><\/li><li class=\"blocks-gallery-item\"><figure><img loading=\"lazy\" decoding=\"async\" width=\"268\" height=\"218\" src=\"https:\/\/hoh.helmantika.com\/wp-content\/uploads\/2020\/10\/cbm03.gif\" alt=\"\" data-id=\"141\" data-full-url=\"https:\/\/hoh.helmantika.com\/wp-content\/uploads\/2020\/10\/cbm03.gif\" data-link=\"https:\/\/hoh.helmantika.com\/?attachment_id=141\" class=\"wp-image-141\"\/><\/figure><\/li><li class=\"blocks-gallery-item\"><figure><img loading=\"lazy\" decoding=\"async\" width=\"268\" height=\"218\" src=\"https:\/\/hoh.helmantika.com\/wp-content\/uploads\/2020\/10\/cbm04.gif\" alt=\"\" data-id=\"142\" data-full-url=\"https:\/\/hoh.helmantika.com\/wp-content\/uploads\/2020\/10\/cbm04.gif\" data-link=\"https:\/\/hoh.helmantika.com\/?attachment_id=142\" class=\"wp-image-142\"\/><\/figure><\/li><\/ul><\/figure>","protected":false},"excerpt":{"rendered":"<p>Esta versi\u00f3n apenas aportan diferencias respecto a la versi\u00f3n de Spectrum. Para Commodore 64 el juego sali\u00f3 m\u00e1s tarde, era lo normal, pues esta m\u00e1quina no ten\u00eda como procesador el Z80, lo que provocaba una [&hellip;]<\/p>","protected":false},"author":1,"featured_media":0,"parent":0,"menu_order":0,"comment_status":"closed","ping_status":"closed","template":"","meta":{"footnotes":""},"class_list":["post-136","page","type-page","status-publish","hentry"],"_links":{"self":[{"href":"https:\/\/hoh.helmantika.com\/en\/wp-json\/wp\/v2\/pages\/136","targetHints":{"allow":["GET"]}}],"collection":[{"href":"https:\/\/hoh.helmantika.com\/en\/wp-json\/wp\/v2\/pages"}],"about":[{"href":"https:\/\/hoh.helmantika.com\/en\/wp-json\/wp\/v2\/types\/page"}],"author":[{"embeddable":true,"href":"https:\/\/hoh.helmantika.com\/en\/wp-json\/wp\/v2\/users\/1"}],"replies":[{"embeddable":true,"href":"https:\/\/hoh.helmantika.com\/en\/wp-json\/wp\/v2\/comments?post=136"}],"version-history":[{"count":3,"href":"https:\/\/hoh.helmantika.com\/en\/wp-json\/wp\/v2\/pages\/136\/revisions"}],"predecessor-version":[{"id":148,"href":"https:\/\/hoh.helmantika.com\/en\/wp-json\/wp\/v2\/pages\/136\/revisions\/148"}],"wp:attachment":[{"href":"https:\/\/hoh.helmantika.com\/en\/wp-json\/wp\/v2\/media?parent=136"}],"curies":[{"name":"wp","href":"https:\/\/api.w.org\/{rel}","templated":true}]}}