{"id":163,"date":"2020-10-25T13:52:37","date_gmt":"2020-10-25T12:52:37","guid":{"rendered":"https:\/\/hoh.helmantika.com\/?page_id=163"},"modified":"2020-10-25T13:55:05","modified_gmt":"2020-10-25T12:55:05","slug":"msx","status":"publish","type":"page","link":"https:\/\/hoh.helmantika.com\/en\/msx\/","title":{"rendered":"MSX"},"content":{"rendered":"<p class=\"has-normal-font-size\">The MSX version is almost exactly the same than the Sinclair one. The only difference is that Safari world has a design of its own for the doors; an excellent design, in my humble opinion. Besides, colors don't get mixed in the floors. This mixture was inevitable in the Spectrum version, and it is notable in the Commodore 64 one. The colors of the rooms also differ, but this is of lesser importance. The introducing screen is also similar to the Spectrum one.<\/p>\n\n\n\n<div class=\"wp-block-image\"><figure class=\"aligncenter size-large\"><img loading=\"lazy\" decoding=\"async\" width=\"300\" height=\"174\" src=\"https:\/\/hoh.helmantika.com\/wp-content\/uploads\/2020\/10\/msx.jpg\" alt=\"\" class=\"wp-image-150\" srcset=\"https:\/\/hoh.helmantika.com\/wp-content\/uploads\/2020\/10\/msx.jpg 300w, https:\/\/hoh.helmantika.com\/wp-content\/uploads\/2020\/10\/msx-16x9.jpg 16w\" sizes=\"auto, (max-width: 300px) 100vw, 300px\" \/><figcaption>Sony Hit Bit 10P<\/figcaption><\/figure><\/div>\n\n\n\n<h2 class=\"wp-block-heading\">Downloads<\/h2>\n\n\n\n<figure class=\"wp-block-table\"><table><tbody><tr><td><img loading=\"lazy\" decoding=\"async\" width=\"121\" height=\"50\" class=\"wp-image-151\" style=\"width: 121px;\" src=\"https:\/\/hoh.helmantika.com\/wp-content\/uploads\/2020\/10\/msx_logo.png\" alt=\"\" srcset=\"https:\/\/hoh.helmantika.com\/wp-content\/uploads\/2020\/10\/msx_logo.png 121w, https:\/\/hoh.helmantika.com\/wp-content\/uploads\/2020\/10\/msx_logo-16x7.png 16w\" sizes=\"auto, (max-width: 121px) 100vw, 121px\" \/><\/td><td><img loading=\"lazy\" decoding=\"async\" width=\"90\" height=\"43\" class=\"wp-image-118\" style=\"width: 90px;\" src=\"https:\/\/hoh.helmantika.com\/wp-content\/uploads\/2020\/10\/diskette.png\" alt=\"\" srcset=\"https:\/\/hoh.helmantika.com\/wp-content\/uploads\/2020\/10\/diskette.png 90w, https:\/\/hoh.helmantika.com\/wp-content\/uploads\/2020\/10\/diskette-16x8.png 16w\" sizes=\"auto, (max-width: 90px) 100vw, 90px\" \/><\/td><td><a href=\"https:\/\/hoh.helmantika.com\/wp-content\/uploads\/2020\/10\/HeadOverHeels-MSX.zip\">Head over Heels (MSX) - DSK Format<\/a><\/td><\/tr><\/tbody><\/table><\/figure>\n\n\n\n<h2 class=\"wp-block-heading\">MSX Screenshots<\/h2>\n\n\n\n<figure class=\"wp-block-gallery aligncenter columns-2 wp-block-gallery-1 is-layout-flex wp-block-gallery-is-layout-flex\"><ul class=\"blocks-gallery-grid\"><li class=\"blocks-gallery-item\"><figure><img loading=\"lazy\" decoding=\"async\" width=\"268\" height=\"218\" src=\"https:\/\/hoh.helmantika.com\/wp-content\/uploads\/2020\/10\/msx05.gif\" alt=\"\" data-id=\"156\" data-full-url=\"https:\/\/hoh.helmantika.com\/wp-content\/uploads\/2020\/10\/msx05.gif\" data-link=\"https:\/\/hoh.helmantika.com\/?attachment_id=156\" class=\"wp-image-156\"\/><\/figure><\/li><li class=\"blocks-gallery-item\"><figure><img loading=\"lazy\" decoding=\"async\" width=\"268\" height=\"218\" src=\"https:\/\/hoh.helmantika.com\/wp-content\/uploads\/2020\/10\/msx04.gif\" alt=\"\" data-id=\"155\" data-full-url=\"https:\/\/hoh.helmantika.com\/wp-content\/uploads\/2020\/10\/msx04.gif\" data-link=\"https:\/\/hoh.helmantika.com\/?attachment_id=155\" class=\"wp-image-155\"\/><\/figure><\/li><li class=\"blocks-gallery-item\"><figure><img loading=\"lazy\" decoding=\"async\" width=\"268\" height=\"218\" src=\"https:\/\/hoh.helmantika.com\/wp-content\/uploads\/2020\/10\/msx01.gif\" alt=\"\" data-id=\"152\" data-full-url=\"https:\/\/hoh.helmantika.com\/wp-content\/uploads\/2020\/10\/msx01.gif\" data-link=\"https:\/\/hoh.helmantika.com\/?attachment_id=152\" class=\"wp-image-152\"\/><\/figure><\/li><li class=\"blocks-gallery-item\"><figure><img loading=\"lazy\" decoding=\"async\" width=\"268\" height=\"218\" src=\"https:\/\/hoh.helmantika.com\/wp-content\/uploads\/2020\/10\/msx02.gif\" alt=\"\" data-id=\"153\" data-full-url=\"https:\/\/hoh.helmantika.com\/wp-content\/uploads\/2020\/10\/msx02.gif\" data-link=\"https:\/\/hoh.helmantika.com\/?attachment_id=153\" class=\"wp-image-153\"\/><\/figure><\/li><li class=\"blocks-gallery-item\"><figure><img loading=\"lazy\" decoding=\"async\" width=\"268\" height=\"218\" src=\"https:\/\/hoh.helmantika.com\/wp-content\/uploads\/2020\/10\/msx03.gif\" alt=\"\" data-id=\"154\" data-full-url=\"https:\/\/hoh.helmantika.com\/wp-content\/uploads\/2020\/10\/msx03.gif\" data-link=\"https:\/\/hoh.helmantika.com\/?attachment_id=154\" class=\"wp-image-154\"\/><\/figure><\/li><li class=\"blocks-gallery-item\"><figure><img loading=\"lazy\" decoding=\"async\" width=\"268\" height=\"218\" src=\"https:\/\/hoh.helmantika.com\/wp-content\/uploads\/2020\/10\/msx06.gif\" alt=\"\" data-id=\"157\" data-full-url=\"https:\/\/hoh.helmantika.com\/wp-content\/uploads\/2020\/10\/msx06.gif\" data-link=\"https:\/\/hoh.helmantika.com\/?attachment_id=157\" class=\"wp-image-157\"\/><\/figure><\/li><li class=\"blocks-gallery-item\"><figure><img loading=\"lazy\" decoding=\"async\" width=\"268\" height=\"218\" src=\"https:\/\/hoh.helmantika.com\/wp-content\/uploads\/2020\/10\/msx07.gif\" alt=\"\" data-id=\"158\" data-full-url=\"https:\/\/hoh.helmantika.com\/wp-content\/uploads\/2020\/10\/msx07.gif\" data-link=\"https:\/\/hoh.helmantika.com\/?attachment_id=158\" class=\"wp-image-158\"\/><\/figure><\/li><li class=\"blocks-gallery-item\"><figure><img loading=\"lazy\" decoding=\"async\" width=\"268\" height=\"218\" src=\"https:\/\/hoh.helmantika.com\/wp-content\/uploads\/2020\/10\/msx08.gif\" alt=\"\" data-id=\"159\" data-full-url=\"https:\/\/hoh.helmantika.com\/wp-content\/uploads\/2020\/10\/msx08.gif\" data-link=\"https:\/\/hoh.helmantika.com\/?attachment_id=159\" class=\"wp-image-159\"\/><\/figure><\/li><li class=\"blocks-gallery-item\"><figure><img loading=\"lazy\" decoding=\"async\" width=\"268\" height=\"218\" src=\"https:\/\/hoh.helmantika.com\/wp-content\/uploads\/2020\/10\/msx09.gif\" alt=\"\" data-id=\"160\" data-full-url=\"https:\/\/hoh.helmantika.com\/wp-content\/uploads\/2020\/10\/msx09.gif\" data-link=\"https:\/\/hoh.helmantika.com\/?attachment_id=160\" class=\"wp-image-160\"\/><\/figure><\/li><li class=\"blocks-gallery-item\"><figure><img loading=\"lazy\" decoding=\"async\" width=\"268\" height=\"218\" src=\"https:\/\/hoh.helmantika.com\/wp-content\/uploads\/2020\/10\/msx10.gif\" alt=\"\" data-id=\"161\" data-full-url=\"https:\/\/hoh.helmantika.com\/wp-content\/uploads\/2020\/10\/msx10.gif\" data-link=\"https:\/\/hoh.helmantika.com\/?attachment_id=161\" class=\"wp-image-161\"\/><\/figure><\/li><\/ul><\/figure>","protected":false},"excerpt":{"rendered":"<p>La versi\u00f3n MSX el pr\u00e1cticamente id\u00e9ntica a la versi\u00f3n Sinclair, con la excepci\u00f3n de que Safari tiene un dise\u00f1o propio para las puertas; un excelente dise\u00f1o, a\u00f1adir\u00eda. Adem\u00e1s, en los suelos no se mezclan los [&hellip;]<\/p>","protected":false},"author":1,"featured_media":0,"parent":0,"menu_order":0,"comment_status":"closed","ping_status":"closed","template":"","meta":{"footnotes":""},"class_list":["post-163","page","type-page","status-publish","hentry"],"_links":{"self":[{"href":"https:\/\/hoh.helmantika.com\/en\/wp-json\/wp\/v2\/pages\/163","targetHints":{"allow":["GET"]}}],"collection":[{"href":"https:\/\/hoh.helmantika.com\/en\/wp-json\/wp\/v2\/pages"}],"about":[{"href":"https:\/\/hoh.helmantika.com\/en\/wp-json\/wp\/v2\/types\/page"}],"author":[{"embeddable":true,"href":"https:\/\/hoh.helmantika.com\/en\/wp-json\/wp\/v2\/users\/1"}],"replies":[{"embeddable":true,"href":"https:\/\/hoh.helmantika.com\/en\/wp-json\/wp\/v2\/comments?post=163"}],"version-history":[{"count":3,"href":"https:\/\/hoh.helmantika.com\/en\/wp-json\/wp\/v2\/pages\/163\/revisions"}],"predecessor-version":[{"id":168,"href":"https:\/\/hoh.helmantika.com\/en\/wp-json\/wp\/v2\/pages\/163\/revisions\/168"}],"wp:attachment":[{"href":"https:\/\/hoh.helmantika.com\/en\/wp-json\/wp\/v2\/media?parent=163"}],"curies":[{"name":"wp","href":"https:\/\/api.w.org\/{rel}","templated":true}]}}