{"id":169,"date":"2020-10-25T14:08:27","date_gmt":"2020-10-25T13:08:27","guid":{"rendered":"https:\/\/hoh.helmantika.com\/?page_id=169"},"modified":"2020-10-31T18:53:31","modified_gmt":"2020-10-31T17:53:31","slug":"amiga-atari-st","status":"publish","type":"page","link":"https:\/\/hoh.helmantika.com\/en\/amiga-atari-st\/","title":{"rendered":"Amiga &amp; Atari ST"},"content":{"rendered":"<p class=\"has-normal-font-size\">Amiga and Atari versions of the game were released two years later than the Z80 versions (1989). They were developed from the Commodore 64 program, and the programmer was the same: Colin Porch. Although these machines had more RAM memory than any of the 8-bit computers, their versions didn't included the extra graphics that were in the Amstrad CPC version. Why? Our speculation is that the C64 version didn't included those graphics. However, the graphic features of the versions for these 16-bit computers were improved. As you can see, the results are excellent.<\/p>\n\n\n\n<div class=\"wp-block-image\"><figure class=\"aligncenter size-large\"><img loading=\"lazy\" decoding=\"async\" width=\"300\" height=\"200\" src=\"https:\/\/hoh.helmantika.com\/wp-content\/uploads\/2020\/10\/amiga.jpg\" alt=\"\" class=\"wp-image-170\" srcset=\"https:\/\/hoh.helmantika.com\/wp-content\/uploads\/2020\/10\/amiga.jpg 300w, https:\/\/hoh.helmantika.com\/wp-content\/uploads\/2020\/10\/amiga-16x12.jpg 16w\" sizes=\"auto, (max-width: 300px) 100vw, 300px\" \/><figcaption>Commodore Amiga 500<\/figcaption><\/figure><\/div>\n\n\n\n<p class=\"has-normal-font-size\">Los resultados est\u00e1n a la vista y son, sin duda, excelentes. La diferencia entre una y otra versi\u00f3n es nula en lo que a gr\u00e1ficos se refiere. Quiz\u00e1 la versi\u00f3n Atari pueda presumir de un mejor sonido.<\/p>\n\n\n\n<p class=\"has-normal-font-size\">It's interesting that all the graphics versions have exactly the same size. Spectrum resolution was good (256 x 192 pixels), and it was very similar to other machines resolution modes (including Amiga and Atari). For example, Head's sprites have a 24 x 24 pixels size in all platforms (except our PC version). The only difference is the number of colors that were employed.<\/p>\n\n\n\n<h2 class=\"wp-block-heading\">Downloads<\/h2>\n\n\n\n<figure class=\"wp-block-table\"><table><tbody><tr><td><img loading=\"lazy\" decoding=\"async\" width=\"63\" height=\"50\" class=\"wp-image-171\" style=\"width: 63px;\" src=\"https:\/\/hoh.helmantika.com\/wp-content\/uploads\/2020\/10\/amiga_logo.png\" alt=\"\" srcset=\"https:\/\/hoh.helmantika.com\/wp-content\/uploads\/2020\/10\/amiga_logo.png 63w, https:\/\/hoh.helmantika.com\/wp-content\/uploads\/2020\/10\/amiga_logo-16x12.png 16w\" sizes=\"auto, (max-width: 63px) 100vw, 63px\" \/><\/td><td><img loading=\"lazy\" decoding=\"async\" width=\"90\" height=\"43\" class=\"wp-image-118\" style=\"width: 90px;\" src=\"https:\/\/hoh.helmantika.com\/wp-content\/uploads\/2020\/10\/diskette.png\" alt=\"\" srcset=\"https:\/\/hoh.helmantika.com\/wp-content\/uploads\/2020\/10\/diskette.png 90w, https:\/\/hoh.helmantika.com\/wp-content\/uploads\/2020\/10\/diskette-16x8.png 16w\" sizes=\"auto, (max-width: 90px) 100vw, 90px\" \/><\/td><td><a href=\"https:\/\/hoh.helmantika.com\/wp-content\/uploads\/2020\/10\/HeadOverHeels-Amiga.lha_.zip\">Head over Heels (Commodore Amiga) \u2013 Original format<\/a><\/td><\/tr><tr><td><img loading=\"lazy\" decoding=\"async\" width=\"69\" height=\"60\" class=\"wp-image-172\" style=\"width: 69px;\" src=\"https:\/\/hoh.helmantika.com\/wp-content\/uploads\/2020\/10\/atari_logo.png\" alt=\"\" srcset=\"https:\/\/hoh.helmantika.com\/wp-content\/uploads\/2020\/10\/atari_logo.png 69w, https:\/\/hoh.helmantika.com\/wp-content\/uploads\/2020\/10\/atari_logo-14x12.png 14w\" sizes=\"auto, (max-width: 69px) 100vw, 69px\" \/><\/td><td><img loading=\"lazy\" decoding=\"async\" width=\"90\" height=\"43\" class=\"wp-image-118\" style=\"width: 90px;\" src=\"https:\/\/hoh.helmantika.com\/wp-content\/uploads\/2020\/10\/diskette.png\" alt=\"\" srcset=\"https:\/\/hoh.helmantika.com\/wp-content\/uploads\/2020\/10\/diskette.png 90w, https:\/\/hoh.helmantika.com\/wp-content\/uploads\/2020\/10\/diskette-16x8.png 16w\" sizes=\"auto, (max-width: 90px) 100vw, 90px\" \/><\/td><td><a href=\"https:\/\/hoh.helmantika.com\/wp-content\/uploads\/2020\/10\/HeadOverHeels-Atari.zip\">Head over Heels (Atari ST) \u2013 PRG format<\/a><\/td><\/tr><\/tbody><\/table><\/figure>\n\n\n\n<h2 class=\"wp-block-heading\">Amiga &amp; Atari ST Screenshots<\/h2>\n\n\n\n<figure class=\"wp-block-gallery aligncenter columns-2 wp-block-gallery-1 is-layout-flex wp-block-gallery-is-layout-flex\"><ul class=\"blocks-gallery-grid\"><li class=\"blocks-gallery-item\"><figure><img loading=\"lazy\" decoding=\"async\" width=\"288\" height=\"223\" src=\"https:\/\/hoh.helmantika.com\/wp-content\/uploads\/2020\/10\/AMIGA00.gif\" alt=\"\" data-id=\"173\" data-full-url=\"https:\/\/hoh.helmantika.com\/wp-content\/uploads\/2020\/10\/AMIGA00.gif\" data-link=\"https:\/\/hoh.helmantika.com\/?attachment_id=173\" class=\"wp-image-173\"\/><\/figure><\/li><li class=\"blocks-gallery-item\"><figure><img loading=\"lazy\" decoding=\"async\" width=\"288\" height=\"223\" src=\"https:\/\/hoh.helmantika.com\/wp-content\/uploads\/2020\/10\/AMIGA09.gif\" alt=\"\" data-id=\"181\" data-full-url=\"https:\/\/hoh.helmantika.com\/wp-content\/uploads\/2020\/10\/AMIGA09.gif\" data-link=\"https:\/\/hoh.helmantika.com\/?attachment_id=181\" class=\"wp-image-181\"\/><\/figure><\/li><li class=\"blocks-gallery-item\"><figure><img loading=\"lazy\" decoding=\"async\" width=\"288\" height=\"224\" src=\"https:\/\/hoh.helmantika.com\/wp-content\/uploads\/2020\/10\/AMIGA02.gif\" alt=\"\" data-id=\"174\" data-full-url=\"https:\/\/hoh.helmantika.com\/wp-content\/uploads\/2020\/10\/AMIGA02.gif\" data-link=\"https:\/\/hoh.helmantika.com\/?attachment_id=174\" class=\"wp-image-174\"\/><\/figure><\/li><li class=\"blocks-gallery-item\"><figure><img loading=\"lazy\" decoding=\"async\" width=\"288\" height=\"224\" src=\"https:\/\/hoh.helmantika.com\/wp-content\/uploads\/2020\/10\/AMIGA03.gif\" alt=\"\" data-id=\"175\" data-full-url=\"https:\/\/hoh.helmantika.com\/wp-content\/uploads\/2020\/10\/AMIGA03.gif\" data-link=\"https:\/\/hoh.helmantika.com\/?attachment_id=175\" class=\"wp-image-175\"\/><\/figure><\/li><li class=\"blocks-gallery-item\"><figure><img loading=\"lazy\" decoding=\"async\" width=\"288\" height=\"224\" src=\"https:\/\/hoh.helmantika.com\/wp-content\/uploads\/2020\/10\/AMIGA04.gif\" alt=\"\" data-id=\"176\" data-full-url=\"https:\/\/hoh.helmantika.com\/wp-content\/uploads\/2020\/10\/AMIGA04.gif\" data-link=\"https:\/\/hoh.helmantika.com\/?attachment_id=176\" class=\"wp-image-176\"\/><\/figure><\/li><li class=\"blocks-gallery-item\"><figure><img loading=\"lazy\" decoding=\"async\" width=\"288\" height=\"224\" src=\"https:\/\/hoh.helmantika.com\/wp-content\/uploads\/2020\/10\/AMIGA05.gif\" alt=\"\" data-id=\"177\" data-full-url=\"https:\/\/hoh.helmantika.com\/wp-content\/uploads\/2020\/10\/AMIGA05.gif\" data-link=\"https:\/\/hoh.helmantika.com\/?attachment_id=177\" class=\"wp-image-177\"\/><\/figure><\/li><li class=\"blocks-gallery-item\"><figure><img loading=\"lazy\" decoding=\"async\" width=\"288\" height=\"223\" src=\"https:\/\/hoh.helmantika.com\/wp-content\/uploads\/2020\/10\/AMIGA06.gif\" alt=\"\" data-id=\"178\" data-full-url=\"https:\/\/hoh.helmantika.com\/wp-content\/uploads\/2020\/10\/AMIGA06.gif\" data-link=\"https:\/\/hoh.helmantika.com\/?attachment_id=178\" class=\"wp-image-178\"\/><\/figure><\/li><li class=\"blocks-gallery-item\"><figure><img loading=\"lazy\" decoding=\"async\" width=\"288\" height=\"224\" src=\"https:\/\/hoh.helmantika.com\/wp-content\/uploads\/2020\/10\/AMIGA07.gif\" alt=\"\" data-id=\"179\" data-full-url=\"https:\/\/hoh.helmantika.com\/wp-content\/uploads\/2020\/10\/AMIGA07.gif\" data-link=\"https:\/\/hoh.helmantika.com\/?attachment_id=179\" class=\"wp-image-179\"\/><\/figure><\/li><li class=\"blocks-gallery-item\"><figure><img loading=\"lazy\" decoding=\"async\" width=\"288\" height=\"224\" src=\"https:\/\/hoh.helmantika.com\/wp-content\/uploads\/2020\/10\/AMIGA08.gif\" alt=\"\" data-id=\"180\" data-full-url=\"https:\/\/hoh.helmantika.com\/wp-content\/uploads\/2020\/10\/AMIGA08.gif\" data-link=\"https:\/\/hoh.helmantika.com\/?attachment_id=180\" class=\"wp-image-180\"\/><\/figure><\/li><\/ul><\/figure>","protected":false},"excerpt":{"rendered":"<p>Dos a\u00f1os m\u00e1s tarde de las versiones Z80, apareci\u00f3 la versi\u00f3n para Amiga y Atari ST del juego. Se realizaron a partir del programa para el Commodore 64, de hecho el programador es el mismo: [&hellip;]<\/p>","protected":false},"author":1,"featured_media":0,"parent":0,"menu_order":0,"comment_status":"closed","ping_status":"closed","template":"","meta":{"footnotes":""},"class_list":["post-169","page","type-page","status-publish","hentry"],"_links":{"self":[{"href":"https:\/\/hoh.helmantika.com\/en\/wp-json\/wp\/v2\/pages\/169","targetHints":{"allow":["GET"]}}],"collection":[{"href":"https:\/\/hoh.helmantika.com\/en\/wp-json\/wp\/v2\/pages"}],"about":[{"href":"https:\/\/hoh.helmantika.com\/en\/wp-json\/wp\/v2\/types\/page"}],"author":[{"embeddable":true,"href":"https:\/\/hoh.helmantika.com\/en\/wp-json\/wp\/v2\/users\/1"}],"replies":[{"embeddable":true,"href":"https:\/\/hoh.helmantika.com\/en\/wp-json\/wp\/v2\/comments?post=169"}],"version-history":[{"count":4,"href":"https:\/\/hoh.helmantika.com\/en\/wp-json\/wp\/v2\/pages\/169\/revisions"}],"predecessor-version":[{"id":199,"href":"https:\/\/hoh.helmantika.com\/en\/wp-json\/wp\/v2\/pages\/169\/revisions\/199"}],"wp:attachment":[{"href":"https:\/\/hoh.helmantika.com\/en\/wp-json\/wp\/v2\/media?parent=169"}],"curies":[{"name":"wp","href":"https:\/\/api.w.org\/{rel}","templated":true}]}}