{"id":188,"date":"2020-10-31T18:52:30","date_gmt":"2020-10-31T17:52:30","guid":{"rendered":"https:\/\/hoh.helmantika.com\/?page_id=188"},"modified":"2020-10-31T18:52:30","modified_gmt":"2020-10-31T17:52:30","slug":"atari-800-xt-y-xe","status":"publish","type":"page","link":"https:\/\/hoh.helmantika.com\/en\/atari-800-xt-y-xe\/","title":{"rendered":"Atari 800, XT &amp; XE"},"content":{"rendered":"<p class=\"has-normal-font-size\">The Atari 8-bit machine version, at first sight, shows notable differences. Although graphics dimensions are same that the rest of versions, it is remarkable their monochromatic screens. It is true that Spectrum version was also two-colored; however, in this case the two colors are used in the whole screen. The main effect is that the horn or the handbag cannot be darkened (for example) and they simply don't appear until they are caught. This happen with the main characters, too.<\/p>\n\n\n\n<div class=\"wp-block-image\"><figure class=\"aligncenter size-large\"><img loading=\"lazy\" decoding=\"async\" width=\"300\" height=\"197\" src=\"https:\/\/hoh.helmantika.com\/wp-content\/uploads\/2020\/10\/atarixe.jpg\" alt=\"\" class=\"wp-image-189\" srcset=\"https:\/\/hoh.helmantika.com\/wp-content\/uploads\/2020\/10\/atarixe.jpg 300w, https:\/\/hoh.helmantika.com\/wp-content\/uploads\/2020\/10\/atarixe-16x12.jpg 16w\" sizes=\"auto, (max-width: 300px) 100vw, 300px\" \/><figcaption>Atari 130 XE<\/figcaption><\/figure><\/div>\n\n\n\n<p class=\"has-normal-font-size\">The really prominent aspect is the sound. In our humble opinion, it leaves a wonderful flavor to arcade machine of the 80's. This doesn't mean that it is the version with the better sound, simply that there is a remarkable difference when comparing to the others.<\/p>\n\n\n\n<h2 class=\"wp-block-heading\">Downloads<\/h2>\n\n\n\n<figure class=\"wp-block-table\"><table><tbody><tr><td><img loading=\"lazy\" decoding=\"async\" width=\"69\" height=\"60\" class=\"wp-image-172\" style=\"width: 69px;\" src=\"https:\/\/hoh.helmantika.com\/wp-content\/uploads\/2020\/10\/atari_logo.png\" alt=\"\" srcset=\"https:\/\/hoh.helmantika.com\/wp-content\/uploads\/2020\/10\/atari_logo.png 69w, https:\/\/hoh.helmantika.com\/wp-content\/uploads\/2020\/10\/atari_logo-14x12.png 14w\" sizes=\"auto, (max-width: 69px) 100vw, 69px\" \/><\/td><td><img loading=\"lazy\" decoding=\"async\" width=\"120\" height=\"43\" class=\"wp-image-92\" style=\"width: 120px;\" src=\"https:\/\/hoh.helmantika.com\/wp-content\/uploads\/2020\/10\/cassette.png\" alt=\"\" srcset=\"https:\/\/hoh.helmantika.com\/wp-content\/uploads\/2020\/10\/cassette.png 120w, https:\/\/hoh.helmantika.com\/wp-content\/uploads\/2020\/10\/cassette-16x6.png 16w\" sizes=\"auto, (max-width: 120px) 100vw, 120px\" \/><\/td><td><a href=\"https:\/\/hoh.helmantika.com\/wp-content\/uploads\/2020\/10\/HeadOverHeels-AtariXT.zip\">Head over Heels (Atari XT) - PRG Format<\/a><\/td><\/tr><\/tbody><\/table><\/figure>\n\n\n\n<h2 class=\"wp-block-heading\">Atari 800, XT &amp; XE Screenshots<\/h2>\n\n\n\n<figure class=\"wp-block-gallery aligncenter columns-2 wp-block-gallery-1 is-layout-flex wp-block-gallery-is-layout-flex\"><ul class=\"blocks-gallery-grid\"><li class=\"blocks-gallery-item\"><figure><img loading=\"lazy\" decoding=\"async\" width=\"268\" height=\"218\" src=\"https:\/\/hoh.helmantika.com\/wp-content\/uploads\/2020\/10\/Atarixt01.gif\" alt=\"\" data-id=\"190\" data-full-url=\"https:\/\/hoh.helmantika.com\/wp-content\/uploads\/2020\/10\/Atarixt01.gif\" data-link=\"https:\/\/hoh.helmantika.com\/?attachment_id=190\" class=\"wp-image-190\"\/><\/figure><\/li><li class=\"blocks-gallery-item\"><figure><img loading=\"lazy\" decoding=\"async\" width=\"268\" height=\"218\" src=\"https:\/\/hoh.helmantika.com\/wp-content\/uploads\/2020\/10\/Atarixt03.gif\" alt=\"\" data-id=\"191\" data-full-url=\"https:\/\/hoh.helmantika.com\/wp-content\/uploads\/2020\/10\/Atarixt03.gif\" data-link=\"https:\/\/hoh.helmantika.com\/?attachment_id=191\" class=\"wp-image-191\"\/><\/figure><\/li><li class=\"blocks-gallery-item\"><figure><img loading=\"lazy\" decoding=\"async\" width=\"268\" height=\"218\" src=\"https:\/\/hoh.helmantika.com\/wp-content\/uploads\/2020\/10\/Atarixt04.gif\" alt=\"\" data-id=\"192\" data-full-url=\"https:\/\/hoh.helmantika.com\/wp-content\/uploads\/2020\/10\/Atarixt04.gif\" data-link=\"https:\/\/hoh.helmantika.com\/?attachment_id=192\" class=\"wp-image-192\"\/><\/figure><\/li><li class=\"blocks-gallery-item\"><figure><img loading=\"lazy\" decoding=\"async\" width=\"268\" height=\"218\" src=\"https:\/\/hoh.helmantika.com\/wp-content\/uploads\/2020\/10\/Atarixt05.gif\" alt=\"\" data-id=\"193\" data-full-url=\"https:\/\/hoh.helmantika.com\/wp-content\/uploads\/2020\/10\/Atarixt05.gif\" data-link=\"https:\/\/hoh.helmantika.com\/?attachment_id=193\" class=\"wp-image-193\"\/><\/figure><\/li><li class=\"blocks-gallery-item\"><figure><img loading=\"lazy\" decoding=\"async\" width=\"268\" height=\"218\" src=\"https:\/\/hoh.helmantika.com\/wp-content\/uploads\/2020\/10\/Atarixt06.gif\" alt=\"\" data-id=\"194\" data-full-url=\"https:\/\/hoh.helmantika.com\/wp-content\/uploads\/2020\/10\/Atarixt06.gif\" data-link=\"https:\/\/hoh.helmantika.com\/?attachment_id=194\" class=\"wp-image-194\"\/><\/figure><\/li><li class=\"blocks-gallery-item\"><figure><img loading=\"lazy\" decoding=\"async\" width=\"268\" height=\"218\" src=\"https:\/\/hoh.helmantika.com\/wp-content\/uploads\/2020\/10\/Atarixt07.gif\" alt=\"\" data-id=\"195\" data-full-url=\"https:\/\/hoh.helmantika.com\/wp-content\/uploads\/2020\/10\/Atarixt07.gif\" data-link=\"https:\/\/hoh.helmantika.com\/?attachment_id=195\" class=\"wp-image-195\"\/><\/figure><\/li><li class=\"blocks-gallery-item\"><figure><img loading=\"lazy\" decoding=\"async\" width=\"268\" height=\"218\" src=\"https:\/\/hoh.helmantika.com\/wp-content\/uploads\/2020\/10\/Atarixt08.gif\" alt=\"\" data-id=\"196\" data-full-url=\"https:\/\/hoh.helmantika.com\/wp-content\/uploads\/2020\/10\/Atarixt08.gif\" data-link=\"https:\/\/hoh.helmantika.com\/?attachment_id=196\" class=\"wp-image-196\"\/><\/figure><\/li><\/ul><\/figure>","protected":false},"excerpt":{"rendered":"<p>La versi\u00f3n para las m\u00e1quinas de Atari de 8 bits presenta notables diferencias a simple vista. Pese a que las dimensiones de los gr\u00e1ficos son iguales que el resto de las versiones, s\u00ed llama la [&hellip;]<\/p>","protected":false},"author":1,"featured_media":0,"parent":0,"menu_order":0,"comment_status":"closed","ping_status":"closed","template":"","meta":{"footnotes":""},"class_list":["post-188","page","type-page","status-publish","hentry"],"_links":{"self":[{"href":"https:\/\/hoh.helmantika.com\/en\/wp-json\/wp\/v2\/pages\/188","targetHints":{"allow":["GET"]}}],"collection":[{"href":"https:\/\/hoh.helmantika.com\/en\/wp-json\/wp\/v2\/pages"}],"about":[{"href":"https:\/\/hoh.helmantika.com\/en\/wp-json\/wp\/v2\/types\/page"}],"author":[{"embeddable":true,"href":"https:\/\/hoh.helmantika.com\/en\/wp-json\/wp\/v2\/users\/1"}],"replies":[{"embeddable":true,"href":"https:\/\/hoh.helmantika.com\/en\/wp-json\/wp\/v2\/comments?post=188"}],"version-history":[{"count":1,"href":"https:\/\/hoh.helmantika.com\/en\/wp-json\/wp\/v2\/pages\/188\/revisions"}],"predecessor-version":[{"id":198,"href":"https:\/\/hoh.helmantika.com\/en\/wp-json\/wp\/v2\/pages\/188\/revisions\/198"}],"wp:attachment":[{"href":"https:\/\/hoh.helmantika.com\/en\/wp-json\/wp\/v2\/media?parent=188"}],"curies":[{"name":"wp","href":"https:\/\/api.w.org\/{rel}","templated":true}]}}