{"id":202,"date":"2020-10-31T19:06:14","date_gmt":"2020-10-31T18:06:14","guid":{"rendered":"https:\/\/hoh.helmantika.com\/?page_id=202"},"modified":"2020-10-31T19:06:14","modified_gmt":"2020-10-31T18:06:14","slug":"amstrad-pcw","status":"publish","type":"page","link":"https:\/\/hoh.helmantika.com\/en\/amstrad-pcw\/","title":{"rendered":"Amstrad PCW"},"content":{"rendered":"<p>The first thing that gets our attention of this game version is, with no doubt, the screen resolution. The rest of versions is bounded to a range of 320x200 (although these numbers vary lightly from a machine to another). In the PCW, on the contrary, it is duplicated. This doesn't mean that the graphics were remade. They were simply increased of size and there are four pixels where before there was one. But, it causes that Head over Heels double or triple rooms could be seen completely. This is a new view point for the player that has had a good time with the rest of versions. You can observe in the images below that the game is monochrome, but that a new sprite appears! This sprite is the Safari world's door.<\/p>\n\n\n\n<div class=\"wp-block-image\"><figure class=\"aligncenter size-large\"><img loading=\"lazy\" decoding=\"async\" width=\"300\" height=\"169\" src=\"https:\/\/hoh.helmantika.com\/wp-content\/uploads\/2020\/10\/amstradpcw.jpg\" alt=\"\" class=\"wp-image-203\" srcset=\"https:\/\/hoh.helmantika.com\/wp-content\/uploads\/2020\/10\/amstradpcw.jpg 300w, https:\/\/hoh.helmantika.com\/wp-content\/uploads\/2020\/10\/amstradpcw-16x9.jpg 16w\" sizes=\"auto, (max-width: 300px) 100vw, 300px\" \/><figcaption>Amstrad PCW 8256<\/figcaption><\/figure><\/div>\n\n\n\n<p>Regarding the sound, this is the worst version. Although it is necessary to take into account that this machine wasn't designed thinking in games.<\/p>\n\n\n\n<h2 class=\"wp-block-heading\">Downloads<\/h2>\n\n\n\n<figure class=\"wp-block-table\"><table><tbody><tr><td><img loading=\"lazy\" decoding=\"async\" width=\"100\" height=\"49\" class=\"wp-image-117\" style=\"width: 100px;\" src=\"https:\/\/hoh.helmantika.com\/wp-content\/uploads\/2020\/10\/amstrad_logo.png\" alt=\"\" srcset=\"https:\/\/hoh.helmantika.com\/wp-content\/uploads\/2020\/10\/amstrad_logo.png 100w, https:\/\/hoh.helmantika.com\/wp-content\/uploads\/2020\/10\/amstrad_logo-16x8.png 16w\" sizes=\"auto, (max-width: 100px) 100vw, 100px\" \/><\/td><td><img loading=\"lazy\" decoding=\"async\" width=\"90\" height=\"43\" class=\"wp-image-118\" style=\"width: 90px;\" src=\"https:\/\/hoh.helmantika.com\/wp-content\/uploads\/2020\/10\/diskette.png\" alt=\"\" srcset=\"https:\/\/hoh.helmantika.com\/wp-content\/uploads\/2020\/10\/diskette.png 90w, https:\/\/hoh.helmantika.com\/wp-content\/uploads\/2020\/10\/diskette-16x8.png 16w\" sizes=\"auto, (max-width: 90px) 100vw, 90px\" \/><\/td><td><a href=\"https:\/\/hoh.helmantika.com\/wp-content\/uploads\/2020\/10\/HeadOverHeels-AmstradPCW.zip\">Head over Heels (Amstrad PCW) - DSK Format<\/a><\/td><\/tr><\/tbody><\/table><\/figure>\n\n\n\n<h2 class=\"wp-block-heading\">Amstrad PCW Screenshots<\/h2>\n\n\n\n<figure class=\"wp-block-gallery aligncenter columns-1 wp-block-gallery-1 is-layout-flex wp-block-gallery-is-layout-flex\"><ul class=\"blocks-gallery-grid\"><li class=\"blocks-gallery-item\"><figure><img loading=\"lazy\" decoding=\"async\" width=\"551\" height=\"475\" src=\"https:\/\/hoh.helmantika.com\/wp-content\/uploads\/2020\/10\/pcw01.gif\" alt=\"\" data-id=\"204\" data-full-url=\"https:\/\/hoh.helmantika.com\/wp-content\/uploads\/2020\/10\/pcw01.gif\" data-link=\"https:\/\/hoh.helmantika.com\/?attachment_id=204\" class=\"wp-image-204\"\/><\/figure><\/li><li class=\"blocks-gallery-item\"><figure><img loading=\"lazy\" decoding=\"async\" width=\"551\" height=\"475\" src=\"https:\/\/hoh.helmantika.com\/wp-content\/uploads\/2020\/10\/pcw03.gif\" alt=\"\" data-id=\"205\" data-full-url=\"https:\/\/hoh.helmantika.com\/wp-content\/uploads\/2020\/10\/pcw03.gif\" data-link=\"https:\/\/hoh.helmantika.com\/?attachment_id=205\" class=\"wp-image-205\"\/><\/figure><\/li><li class=\"blocks-gallery-item\"><figure><img loading=\"lazy\" decoding=\"async\" width=\"551\" height=\"475\" src=\"https:\/\/hoh.helmantika.com\/wp-content\/uploads\/2020\/10\/pcw06.gif\" alt=\"\" data-id=\"206\" data-full-url=\"https:\/\/hoh.helmantika.com\/wp-content\/uploads\/2020\/10\/pcw06.gif\" data-link=\"https:\/\/hoh.helmantika.com\/?attachment_id=206\" class=\"wp-image-206\"\/><\/figure><\/li><li class=\"blocks-gallery-item\"><figure><img loading=\"lazy\" decoding=\"async\" width=\"551\" height=\"475\" src=\"https:\/\/hoh.helmantika.com\/wp-content\/uploads\/2020\/10\/pcw07.gif\" alt=\"\" data-id=\"207\" data-full-url=\"https:\/\/hoh.helmantika.com\/wp-content\/uploads\/2020\/10\/pcw07.gif\" data-link=\"https:\/\/hoh.helmantika.com\/?attachment_id=207\" class=\"wp-image-207\"\/><\/figure><\/li><li class=\"blocks-gallery-item\"><figure><img loading=\"lazy\" decoding=\"async\" width=\"551\" height=\"475\" src=\"https:\/\/hoh.helmantika.com\/wp-content\/uploads\/2020\/10\/pcw08.gif\" alt=\"\" data-id=\"208\" data-full-url=\"https:\/\/hoh.helmantika.com\/wp-content\/uploads\/2020\/10\/pcw08.gif\" data-link=\"https:\/\/hoh.helmantika.com\/?attachment_id=208\" class=\"wp-image-208\"\/><\/figure><\/li><li class=\"blocks-gallery-item\"><figure><img loading=\"lazy\" decoding=\"async\" width=\"551\" height=\"475\" src=\"https:\/\/hoh.helmantika.com\/wp-content\/uploads\/2020\/10\/pcw09.gif\" alt=\"\" data-id=\"209\" data-full-url=\"https:\/\/hoh.helmantika.com\/wp-content\/uploads\/2020\/10\/pcw09.gif\" data-link=\"https:\/\/hoh.helmantika.com\/?attachment_id=209\" class=\"wp-image-209\"\/><\/figure><\/li><li class=\"blocks-gallery-item\"><figure><img loading=\"lazy\" decoding=\"async\" width=\"551\" height=\"475\" src=\"https:\/\/hoh.helmantika.com\/wp-content\/uploads\/2020\/10\/pcw021.gif\" alt=\"\" data-id=\"210\" data-full-url=\"https:\/\/hoh.helmantika.com\/wp-content\/uploads\/2020\/10\/pcw021.gif\" data-link=\"https:\/\/hoh.helmantika.com\/?attachment_id=210\" class=\"wp-image-210\"\/><\/figure><\/li><li class=\"blocks-gallery-item\"><figure><img loading=\"lazy\" decoding=\"async\" width=\"551\" height=\"475\" src=\"https:\/\/hoh.helmantika.com\/wp-content\/uploads\/2020\/10\/pcw41.gif\" alt=\"\" data-id=\"211\" data-full-url=\"https:\/\/hoh.helmantika.com\/wp-content\/uploads\/2020\/10\/pcw41.gif\" data-link=\"https:\/\/hoh.helmantika.com\/?attachment_id=211\" class=\"wp-image-211\"\/><\/figure><\/li><\/ul><\/figure>","protected":false},"excerpt":{"rendered":"<p>Lo primero que llama la atenci\u00f3n de esta versi\u00f3n del juego es, sin ninguna duda, la resoluci\u00f3n de pantalla. El resto de las versiones est\u00e1n circunscritas a un rango de 320&#215;200 (aunque estos n\u00fameros var\u00edan [&hellip;]<\/p>","protected":false},"author":1,"featured_media":0,"parent":0,"menu_order":0,"comment_status":"closed","ping_status":"closed","template":"","meta":{"footnotes":""},"class_list":["post-202","page","type-page","status-publish","hentry"],"_links":{"self":[{"href":"https:\/\/hoh.helmantika.com\/en\/wp-json\/wp\/v2\/pages\/202","targetHints":{"allow":["GET"]}}],"collection":[{"href":"https:\/\/hoh.helmantika.com\/en\/wp-json\/wp\/v2\/pages"}],"about":[{"href":"https:\/\/hoh.helmantika.com\/en\/wp-json\/wp\/v2\/types\/page"}],"author":[{"embeddable":true,"href":"https:\/\/hoh.helmantika.com\/en\/wp-json\/wp\/v2\/users\/1"}],"replies":[{"embeddable":true,"href":"https:\/\/hoh.helmantika.com\/en\/wp-json\/wp\/v2\/comments?post=202"}],"version-history":[{"count":3,"href":"https:\/\/hoh.helmantika.com\/en\/wp-json\/wp\/v2\/pages\/202\/revisions"}],"predecessor-version":[{"id":215,"href":"https:\/\/hoh.helmantika.com\/en\/wp-json\/wp\/v2\/pages\/202\/revisions\/215"}],"wp:attachment":[{"href":"https:\/\/hoh.helmantika.com\/en\/wp-json\/wp\/v2\/media?parent=202"}],"curies":[{"name":"wp","href":"https:\/\/api.w.org\/{rel}","templated":true}]}}