{"id":307,"date":"2021-01-09T20:17:37","date_gmt":"2021-01-09T19:17:37","guid":{"rendered":"https:\/\/hoh.helmantika.com\/?page_id=307"},"modified":"2024-04-04T20:30:09","modified_gmt":"2024-04-04T18:30:09","slug":"descargas","status":"publish","type":"page","link":"https:\/\/hoh.helmantika.com\/en\/descargas\/","title":{"rendered":"Downloads"},"content":{"rendered":"<h2 class=\"wp-block-heading\">Head over Heels 1.0.2 (year 2010)<\/h2>\n\n\n\n<p>The game is available in the following languages: Afrikaans, Bable, Catalan, Croatian, Danish, Dutch, English, Finnish, French, Galician, German, Hungarian, Italian, Latin, Polish, Portuguese (Portugal and Brazil), Russian, Serbian, Slovak, Spanish (Spain and Americas), Valencian and Basque.<\/p>\n\n\n\n<figure class=\"wp-block-table is-style-stripes\"><table><tbody><tr><td class=\"has-text-align-center\" data-align=\"center\"><img loading=\"lazy\" decoding=\"async\" width=\"100\" height=\"100\" class=\"wp-image-309\" style=\"width: 100px;\" src=\"https:\/\/hoh.helmantika.com\/wp-content\/uploads\/2021\/01\/Windows-10-logo.png\" alt=\"\" srcset=\"https:\/\/hoh.helmantika.com\/wp-content\/uploads\/2021\/01\/Windows-10-logo.png 100w, https:\/\/hoh.helmantika.com\/wp-content\/uploads\/2021\/01\/Windows-10-logo-12x12.png 12w\" sizes=\"auto, (max-width: 100px) 100vw, 100px\" \/><\/td><td><a href=\"https:\/\/hoh.helmantika.com\/wp-content\/uploads\/2024\/01\/headoverheels-1.0.2.exe\" data-type=\"link\" data-id=\"https:\/\/hoh.helmantika.com\/wp-content\/uploads\/2023\/12\/headoverheels-1.0.2.exe\">Microsoft Windows \u2014 21,8 MB<\/a><br><br>MD5 Sum: f1734d7500a083a4063584aabb6c4e90<\/td><\/tr><tr><td class=\"has-text-align-center\" data-align=\"center\"><img loading=\"lazy\" decoding=\"async\" width=\"100\" height=\"100\" class=\"wp-image-310\" style=\"width: 100px;\" src=\"https:\/\/hoh.helmantika.com\/wp-content\/uploads\/2021\/01\/ubuntu-logo32.png\" alt=\"\" srcset=\"https:\/\/hoh.helmantika.com\/wp-content\/uploads\/2021\/01\/ubuntu-logo32.png 100w, https:\/\/hoh.helmantika.com\/wp-content\/uploads\/2021\/01\/ubuntu-logo32-12x12.png 12w\" sizes=\"auto, (max-width: 100px) 100vw, 100px\" \/><\/td><td><a href=\"https:\/\/hoh.helmantika.com\/wp-content\/uploads\/2024\/01\/headoverheels_1.0.2_amd64.deb\" data-type=\"link\" data-id=\"https:\/\/hoh.helmantika.com\/wp-content\/uploads\/2024\/01\/headoverheels_1.0.2_amd64.deb\">Ubuntu 22.04 \u00abJammy Jellyfish\u00bb \u2014 12,5 MB<\/a> <br><br>MD5 Sum: 35850ff5b3ea557ba67deb383fc264ae<\/td><\/tr><tr><td class=\"has-text-align-center\" data-align=\"center\"><img loading=\"lazy\" decoding=\"async\" width=\"100\" height=\"119\" class=\"wp-image-308\" style=\"width: 100px;\" src=\"https:\/\/hoh.helmantika.com\/wp-content\/uploads\/2021\/01\/linux_logo.png\" alt=\"\" srcset=\"https:\/\/hoh.helmantika.com\/wp-content\/uploads\/2021\/01\/linux_logo.png 100w, https:\/\/hoh.helmantika.com\/wp-content\/uploads\/2021\/01\/linux_logo-10x12.png 10w\" sizes=\"auto, (max-width: 100px) 100vw, 100px\" \/><\/td><td><a href=\"https:\/\/hoh.helmantika.com\/wp-content\/uploads\/2024\/04\/headoverheels-1.0.2.tar.bz2\">Linux<\/a><a href=\"https:\/\/hoh.helmantika.com\/wp-content\/uploads\/2024\/04\/headoverheels-1.0.2.tar.bz2\" data-type=\"link\" data-id=\"https:\/\/hoh.helmantika.com\/wp-content\/uploads\/2023\/12\/headoverheels-1.0.2.tar.bz2\"> (Source code)\u00a0\u2014 14,2 MB<\/a><br><br>Suma MD5: 9e5f2822fba4bafde22cbd2275ea7325<\/td><\/tr><\/tbody><\/table><\/figure>\n\n\n\n<h2 class=\"wp-block-heading\">Alternative graphic sets for the game<\/h2>\n\n\n\n<h3 class=\"wp-block-heading\">Ricardo Oy\u00f3n<\/h3>\n\n\n\n<p><a href=\"https:\/\/hoh.helmantika.com\/wp-content\/uploads\/2023\/12\/gfx-riderx.zip\">Graphics by Ricardo Oy\u00f3n<\/a><\/p>\n\n\n\n<p>MD5 Sum: 4d8196f811719501bd0fc34d77d8cacd<\/p>\n\n\n\n<hr class=\"wp-block-separator has-css-opacity\"\/>\n\n\n<div class=\"wp-block-image\">\n<figure class=\"aligncenter size-large\"><img loading=\"lazy\" decoding=\"async\" width=\"640\" height=\"480\" src=\"https:\/\/hoh.helmantika.com\/wp-content\/uploads\/2021\/01\/riderx-byblos.png\" alt=\"\" class=\"wp-image-317\" srcset=\"https:\/\/hoh.helmantika.com\/wp-content\/uploads\/2021\/01\/riderx-byblos.png 640w, https:\/\/hoh.helmantika.com\/wp-content\/uploads\/2021\/01\/riderx-byblos-300x225.png 300w, https:\/\/hoh.helmantika.com\/wp-content\/uploads\/2021\/01\/riderx-byblos-16x12.png 16w\" sizes=\"auto, (max-width: 640px) 100vw, 640px\" \/><\/figure><\/div>\n\n\n<div style=\"height:10px\" aria-hidden=\"true\" class=\"wp-block-spacer\"><\/div>\n\n\n<div class=\"wp-block-image\">\n<figure class=\"aligncenter size-large\"><img loading=\"lazy\" decoding=\"async\" width=\"640\" height=\"480\" src=\"https:\/\/hoh.helmantika.com\/wp-content\/uploads\/2021\/01\/riderx-moonbase.png\" alt=\"\" class=\"wp-image-316\" srcset=\"https:\/\/hoh.helmantika.com\/wp-content\/uploads\/2021\/01\/riderx-moonbase.png 640w, https:\/\/hoh.helmantika.com\/wp-content\/uploads\/2021\/01\/riderx-moonbase-300x225.png 300w, https:\/\/hoh.helmantika.com\/wp-content\/uploads\/2021\/01\/riderx-moonbase-16x12.png 16w\" sizes=\"auto, (max-width: 640px) 100vw, 640px\" \/><\/figure><\/div>\n\n\n<div style=\"height:10px\" aria-hidden=\"true\" class=\"wp-block-spacer\"><\/div>\n\n\n<div class=\"wp-block-image\">\n<figure class=\"aligncenter size-large\"><img loading=\"lazy\" decoding=\"async\" width=\"640\" height=\"480\" src=\"https:\/\/hoh.helmantika.com\/wp-content\/uploads\/2021\/01\/riderx-safari.png\" alt=\"\" class=\"wp-image-315\" srcset=\"https:\/\/hoh.helmantika.com\/wp-content\/uploads\/2021\/01\/riderx-safari.png 640w, https:\/\/hoh.helmantika.com\/wp-content\/uploads\/2021\/01\/riderx-safari-300x225.png 300w, https:\/\/hoh.helmantika.com\/wp-content\/uploads\/2021\/01\/riderx-safari-16x12.png 16w\" sizes=\"auto, (max-width: 640px) 100vw, 640px\" \/><\/figure><\/div>\n\n\n<div style=\"height:10px\" aria-hidden=\"true\" class=\"wp-block-spacer\"><\/div>\n\n\n<div class=\"wp-block-image\">\n<figure class=\"aligncenter size-large\"><img loading=\"lazy\" decoding=\"async\" width=\"640\" height=\"480\" src=\"https:\/\/hoh.helmantika.com\/wp-content\/uploads\/2021\/01\/riderx-market.png\" alt=\"\" class=\"wp-image-314\" srcset=\"https:\/\/hoh.helmantika.com\/wp-content\/uploads\/2021\/01\/riderx-market.png 640w, https:\/\/hoh.helmantika.com\/wp-content\/uploads\/2021\/01\/riderx-market-300x225.png 300w, https:\/\/hoh.helmantika.com\/wp-content\/uploads\/2021\/01\/riderx-market-16x12.png 16w\" sizes=\"auto, (max-width: 640px) 100vw, 640px\" \/><\/figure><\/div>\n\n\n<div style=\"height:10px\" aria-hidden=\"true\" class=\"wp-block-spacer\"><\/div>\n\n\n<div class=\"wp-block-image\">\n<figure class=\"aligncenter size-large\"><img loading=\"lazy\" decoding=\"async\" width=\"640\" height=\"480\" src=\"https:\/\/hoh.helmantika.com\/wp-content\/uploads\/2021\/01\/riderx-jail.png\" alt=\"\" class=\"wp-image-313\" srcset=\"https:\/\/hoh.helmantika.com\/wp-content\/uploads\/2021\/01\/riderx-jail.png 640w, https:\/\/hoh.helmantika.com\/wp-content\/uploads\/2021\/01\/riderx-jail-300x225.png 300w, https:\/\/hoh.helmantika.com\/wp-content\/uploads\/2021\/01\/riderx-jail-16x12.png 16w\" sizes=\"auto, (max-width: 640px) 100vw, 640px\" \/><\/figure><\/div>\n\n\n<div style=\"height:10px\" aria-hidden=\"true\" class=\"wp-block-spacer\"><\/div>\n\n\n<div class=\"wp-block-image\">\n<figure class=\"aligncenter size-large\"><img loading=\"lazy\" decoding=\"async\" width=\"640\" height=\"480\" src=\"https:\/\/hoh.helmantika.com\/wp-content\/uploads\/2021\/01\/riderx-blacktooth.png\" alt=\"\" class=\"wp-image-312\" srcset=\"https:\/\/hoh.helmantika.com\/wp-content\/uploads\/2021\/01\/riderx-blacktooth.png 640w, https:\/\/hoh.helmantika.com\/wp-content\/uploads\/2021\/01\/riderx-blacktooth-300x225.png 300w, https:\/\/hoh.helmantika.com\/wp-content\/uploads\/2021\/01\/riderx-blacktooth-16x12.png 16w\" sizes=\"auto, (max-width: 640px) 100vw, 640px\" \/><\/figure><\/div>\n\n\n<div style=\"height:10px\" aria-hidden=\"true\" class=\"wp-block-spacer\"><\/div>\n\n\n<div class=\"wp-block-image\">\n<figure class=\"aligncenter size-large\"><img loading=\"lazy\" decoding=\"async\" width=\"640\" height=\"480\" src=\"https:\/\/hoh.helmantika.com\/wp-content\/uploads\/2021\/01\/riderx-egyptus.png\" alt=\"\" class=\"wp-image-311\" srcset=\"https:\/\/hoh.helmantika.com\/wp-content\/uploads\/2021\/01\/riderx-egyptus.png 640w, https:\/\/hoh.helmantika.com\/wp-content\/uploads\/2021\/01\/riderx-egyptus-300x225.png 300w, https:\/\/hoh.helmantika.com\/wp-content\/uploads\/2021\/01\/riderx-egyptus-16x12.png 16w\" sizes=\"auto, (max-width: 640px) 100vw, 640px\" \/><\/figure><\/div>\n\n\n<h3 class=\"wp-block-heading\">Davit Masi\u00e1<\/h3>\n\n\n\n<p><a href=\"https:\/\/hoh.helmantika.com\/wp-content\/uploads\/2023\/12\/gfx-2003.zip\">First graphic set made by Davit Masi\u00e1 (year 2003)<\/a><\/p>\n\n\n\n<p>MD5 Sum: 7ca86a45ca723bc00b25895a852186c4<\/p>\n\n\n\n<hr class=\"wp-block-separator has-css-opacity\"\/>\n\n\n<div class=\"wp-block-image\">\n<figure class=\"aligncenter size-large\"><img loading=\"lazy\" decoding=\"async\" width=\"640\" height=\"480\" src=\"https:\/\/hoh.helmantika.com\/wp-content\/uploads\/2021\/01\/davit-penitentiary.png\" alt=\"\" class=\"wp-image-324\" srcset=\"https:\/\/hoh.helmantika.com\/wp-content\/uploads\/2021\/01\/davit-penitentiary.png 640w, https:\/\/hoh.helmantika.com\/wp-content\/uploads\/2021\/01\/davit-penitentiary-300x225.png 300w, https:\/\/hoh.helmantika.com\/wp-content\/uploads\/2021\/01\/davit-penitentiary-16x12.png 16w\" sizes=\"auto, (max-width: 640px) 100vw, 640px\" \/><\/figure><\/div>\n\n\n<div style=\"height:10px\" aria-hidden=\"true\" class=\"wp-block-spacer\"><\/div>\n\n\n<div class=\"wp-block-image\">\n<figure class=\"aligncenter size-large\"><img loading=\"lazy\" decoding=\"async\" width=\"640\" height=\"480\" src=\"https:\/\/hoh.helmantika.com\/wp-content\/uploads\/2021\/01\/davit-egyptus.png\" alt=\"\" class=\"wp-image-323\" srcset=\"https:\/\/hoh.helmantika.com\/wp-content\/uploads\/2021\/01\/davit-egyptus.png 640w, https:\/\/hoh.helmantika.com\/wp-content\/uploads\/2021\/01\/davit-egyptus-300x225.png 300w, https:\/\/hoh.helmantika.com\/wp-content\/uploads\/2021\/01\/davit-egyptus-16x12.png 16w\" sizes=\"auto, (max-width: 640px) 100vw, 640px\" \/><\/figure><\/div>\n\n\n<div style=\"height:10px\" aria-hidden=\"true\" class=\"wp-block-spacer\"><\/div>\n\n\n<div class=\"wp-block-image\">\n<figure class=\"aligncenter size-large\"><img loading=\"lazy\" decoding=\"async\" width=\"640\" height=\"480\" src=\"https:\/\/hoh.helmantika.com\/wp-content\/uploads\/2021\/01\/davit-market.png\" alt=\"\" class=\"wp-image-322\" srcset=\"https:\/\/hoh.helmantika.com\/wp-content\/uploads\/2021\/01\/davit-market.png 640w, https:\/\/hoh.helmantika.com\/wp-content\/uploads\/2021\/01\/davit-market-300x225.png 300w, https:\/\/hoh.helmantika.com\/wp-content\/uploads\/2021\/01\/davit-market-16x12.png 16w\" sizes=\"auto, (max-width: 640px) 100vw, 640px\" \/><\/figure><\/div>\n\n\n<div style=\"height:10px\" aria-hidden=\"true\" class=\"wp-block-spacer\"><\/div>\n\n\n<div class=\"wp-block-image\">\n<figure class=\"aligncenter size-large\"><img loading=\"lazy\" decoding=\"async\" width=\"640\" height=\"480\" src=\"https:\/\/hoh.helmantika.com\/wp-content\/uploads\/2021\/01\/davit-byblos.png\" alt=\"\" class=\"wp-image-321\" srcset=\"https:\/\/hoh.helmantika.com\/wp-content\/uploads\/2021\/01\/davit-byblos.png 640w, https:\/\/hoh.helmantika.com\/wp-content\/uploads\/2021\/01\/davit-byblos-300x225.png 300w, https:\/\/hoh.helmantika.com\/wp-content\/uploads\/2021\/01\/davit-byblos-16x12.png 16w\" sizes=\"auto, (max-width: 640px) 100vw, 640px\" \/><\/figure><\/div>\n\n\n<div style=\"height:10px\" aria-hidden=\"true\" class=\"wp-block-spacer\"><\/div>\n\n\n<div class=\"wp-block-image\">\n<figure class=\"aligncenter size-large\"><img loading=\"lazy\" decoding=\"async\" width=\"640\" height=\"480\" src=\"https:\/\/hoh.helmantika.com\/wp-content\/uploads\/2021\/01\/davit-moonbase.png\" alt=\"\" class=\"wp-image-320\" srcset=\"https:\/\/hoh.helmantika.com\/wp-content\/uploads\/2021\/01\/davit-moonbase.png 640w, https:\/\/hoh.helmantika.com\/wp-content\/uploads\/2021\/01\/davit-moonbase-300x225.png 300w, https:\/\/hoh.helmantika.com\/wp-content\/uploads\/2021\/01\/davit-moonbase-16x12.png 16w\" sizes=\"auto, (max-width: 640px) 100vw, 640px\" \/><\/figure><\/div>\n\n\n<div style=\"height:10px\" aria-hidden=\"true\" class=\"wp-block-spacer\"><\/div>\n\n\n<div class=\"wp-block-image\">\n<figure class=\"aligncenter size-large\"><img loading=\"lazy\" decoding=\"async\" width=\"640\" height=\"480\" src=\"https:\/\/hoh.helmantika.com\/wp-content\/uploads\/2021\/01\/davit-jail.png\" alt=\"\" class=\"wp-image-319\" srcset=\"https:\/\/hoh.helmantika.com\/wp-content\/uploads\/2021\/01\/davit-jail.png 640w, https:\/\/hoh.helmantika.com\/wp-content\/uploads\/2021\/01\/davit-jail-300x225.png 300w, https:\/\/hoh.helmantika.com\/wp-content\/uploads\/2021\/01\/davit-jail-16x12.png 16w\" sizes=\"auto, (max-width: 640px) 100vw, 640px\" \/><\/figure><\/div>\n\n\n<div style=\"height:10px\" aria-hidden=\"true\" class=\"wp-block-spacer\"><\/div>\n\n\n<div class=\"wp-block-image\">\n<figure class=\"aligncenter size-large\"><img loading=\"lazy\" decoding=\"async\" width=\"640\" height=\"480\" src=\"https:\/\/hoh.helmantika.com\/wp-content\/uploads\/2021\/01\/davit-blacktooth.png\" alt=\"\" class=\"wp-image-318\" srcset=\"https:\/\/hoh.helmantika.com\/wp-content\/uploads\/2021\/01\/davit-blacktooth.png 640w, https:\/\/hoh.helmantika.com\/wp-content\/uploads\/2021\/01\/davit-blacktooth-300x225.png 300w, https:\/\/hoh.helmantika.com\/wp-content\/uploads\/2021\/01\/davit-blacktooth-16x12.png 16w\" sizes=\"auto, (max-width: 640px) 100vw, 640px\" \/><\/figure><\/div>","protected":false},"excerpt":{"rendered":"<p>Head over Heels 1.0.2 (a\u00f1o 2010) Todas las versiones incluyen los siguientes idiomas: afrika\u00e1ns, alem\u00e1n, bable, catal\u00e1n, croata, dan\u00e9s, eslovaco, espa\u00f1ol (Espa\u00f1a y Am\u00e9rica), finland\u00e9s, franc\u00e9s, gallego, h\u00fangaro, ingl\u00e9s, italiano, lat\u00edn, polaco, portugu\u00e9s (Portugal y [&hellip;]<\/p>","protected":false},"author":1,"featured_media":0,"parent":0,"menu_order":0,"comment_status":"closed","ping_status":"closed","template":"","meta":{"footnotes":""},"class_list":["post-307","page","type-page","status-publish","hentry"],"_links":{"self":[{"href":"https:\/\/hoh.helmantika.com\/en\/wp-json\/wp\/v2\/pages\/307","targetHints":{"allow":["GET"]}}],"collection":[{"href":"https:\/\/hoh.helmantika.com\/en\/wp-json\/wp\/v2\/pages"}],"about":[{"href":"https:\/\/hoh.helmantika.com\/en\/wp-json\/wp\/v2\/types\/page"}],"author":[{"embeddable":true,"href":"https:\/\/hoh.helmantika.com\/en\/wp-json\/wp\/v2\/users\/1"}],"replies":[{"embeddable":true,"href":"https:\/\/hoh.helmantika.com\/en\/wp-json\/wp\/v2\/comments?post=307"}],"version-history":[{"count":14,"href":"https:\/\/hoh.helmantika.com\/en\/wp-json\/wp\/v2\/pages\/307\/revisions"}],"predecessor-version":[{"id":392,"href":"https:\/\/hoh.helmantika.com\/en\/wp-json\/wp\/v2\/pages\/307\/revisions\/392"}],"wp:attachment":[{"href":"https:\/\/hoh.helmantika.com\/en\/wp-json\/wp\/v2\/media?parent=307"}],"curies":[{"name":"wp","href":"https:\/\/api.w.org\/{rel}","templated":true}]}}