{"id":369,"date":"2024-04-02T12:12:23","date_gmt":"2024-04-02T10:12:23","guid":{"rendered":"https:\/\/hoh.helmantika.com\/?page_id=369"},"modified":"2024-04-02T12:21:56","modified_gmt":"2024-04-02T10:21:56","slug":"el-remake-de-douglas","status":"publish","type":"page","link":"https:\/\/hoh.helmantika.com\/en\/el-remake-de-douglas\/","title":{"rendered":"Douglas' Remake"},"content":{"rendered":"<p>Douglas Mencken found our version of Head over Heels back in 2016. His first goal was to create a Mac OS X version of the game. Subsequently, he has been adding new features with help from various contributors.<\/p>\n\n\n\n<p>Douglas is still working on his remake and he will be glad to receive any help you can give him. At the moment, the major differences with respect to our version are:<\/p>\n\n\n\n<ul class=\"wp-block-list\">\n<li>Available for Linux, Windows, and Mac OS X.<\/li>\n\n\n\n<li>There is a new graphic set that mimics ZX Spectrum version.<\/li>\n\n\n\n<li>Optional display of a mini-map on the screen.<\/li>\n\n\n\n<li>Entry room tunes have been incorporated.<\/li>\n\n\n\n<li>Some sound effects have been improved.<\/li>\n\n\n\n<li>Selection of different graphic sets. You can choose between the two made by Davit Masi\u00e1, the one by Ricardo Oy\u00f3n, and the new monochrome set with Spectrum colors.<\/li>\n\n\n\n<li>Head and Heels are animated in game menus.<\/li>\n\n\n\n<li>Transitions between the user interface menus.<\/li>\n\n\n\n<li>The camera can be centered on the room or on the character.<\/li>\n\n\n\n<li>Shadow casting can be disabled.<\/li>\n\n\n\n<li>Frames can be deactivated.<\/li>\n<\/ul>\n\n\n\n<p class=\"has-text-align-center has-large-font-size\"><a href=\"https:\/\/github.com\/dougmencken\/HeadOverHeels\" target=\"_blank\" rel=\"noreferrer noopener\">Project Website<\/a><\/p>\n\n\n\n<h2 class=\"wp-block-heading\">Screenshots<\/h2>\n\n\n<div class=\"wp-block-image\">\n<figure class=\"aligncenter size-full\"><img loading=\"lazy\" decoding=\"async\" width=\"680\" height=\"520\" src=\"https:\/\/hoh.helmantika.com\/wp-content\/uploads\/2024\/04\/Douglas01.png\" alt=\"\" class=\"wp-image-372\" srcset=\"https:\/\/hoh.helmantika.com\/wp-content\/uploads\/2024\/04\/Douglas01.png 680w, https:\/\/hoh.helmantika.com\/wp-content\/uploads\/2024\/04\/Douglas01-300x229.png 300w, https:\/\/hoh.helmantika.com\/wp-content\/uploads\/2024\/04\/Douglas01-16x12.png 16w, https:\/\/hoh.helmantika.com\/wp-content\/uploads\/2024\/04\/Douglas01-650x497.png 650w\" sizes=\"auto, (max-width: 680px) 100vw, 680px\" \/><\/figure><\/div>\n\n<div class=\"wp-block-image\">\n<figure class=\"aligncenter size-full\"><img loading=\"lazy\" decoding=\"async\" width=\"680\" height=\"520\" src=\"https:\/\/hoh.helmantika.com\/wp-content\/uploads\/2024\/04\/Douglas02.png\" alt=\"\" class=\"wp-image-373\" srcset=\"https:\/\/hoh.helmantika.com\/wp-content\/uploads\/2024\/04\/Douglas02.png 680w, https:\/\/hoh.helmantika.com\/wp-content\/uploads\/2024\/04\/Douglas02-300x229.png 300w, https:\/\/hoh.helmantika.com\/wp-content\/uploads\/2024\/04\/Douglas02-16x12.png 16w, https:\/\/hoh.helmantika.com\/wp-content\/uploads\/2024\/04\/Douglas02-650x497.png 650w\" sizes=\"auto, (max-width: 680px) 100vw, 680px\" \/><\/figure><\/div>\n\n<div class=\"wp-block-image\">\n<figure class=\"aligncenter size-full\"><img loading=\"lazy\" decoding=\"async\" width=\"680\" height=\"520\" src=\"https:\/\/hoh.helmantika.com\/wp-content\/uploads\/2024\/04\/Douglas03.png\" alt=\"\" class=\"wp-image-374\" srcset=\"https:\/\/hoh.helmantika.com\/wp-content\/uploads\/2024\/04\/Douglas03.png 680w, https:\/\/hoh.helmantika.com\/wp-content\/uploads\/2024\/04\/Douglas03-300x229.png 300w, https:\/\/hoh.helmantika.com\/wp-content\/uploads\/2024\/04\/Douglas03-16x12.png 16w, https:\/\/hoh.helmantika.com\/wp-content\/uploads\/2024\/04\/Douglas03-650x497.png 650w\" sizes=\"auto, (max-width: 680px) 100vw, 680px\" \/><\/figure><\/div>\n\n<div class=\"wp-block-image\">\n<figure class=\"aligncenter size-full\"><img loading=\"lazy\" decoding=\"async\" width=\"680\" height=\"520\" src=\"https:\/\/hoh.helmantika.com\/wp-content\/uploads\/2024\/04\/Douglas04.png\" alt=\"\" class=\"wp-image-375\" srcset=\"https:\/\/hoh.helmantika.com\/wp-content\/uploads\/2024\/04\/Douglas04.png 680w, https:\/\/hoh.helmantika.com\/wp-content\/uploads\/2024\/04\/Douglas04-300x229.png 300w, https:\/\/hoh.helmantika.com\/wp-content\/uploads\/2024\/04\/Douglas04-16x12.png 16w, https:\/\/hoh.helmantika.com\/wp-content\/uploads\/2024\/04\/Douglas04-650x497.png 650w\" sizes=\"auto, (max-width: 680px) 100vw, 680px\" \/><\/figure><\/div>\n\n<div class=\"wp-block-image\">\n<figure class=\"aligncenter size-full\"><img loading=\"lazy\" decoding=\"async\" width=\"680\" height=\"520\" src=\"https:\/\/hoh.helmantika.com\/wp-content\/uploads\/2024\/04\/Douglas05.png\" alt=\"\" class=\"wp-image-376\" srcset=\"https:\/\/hoh.helmantika.com\/wp-content\/uploads\/2024\/04\/Douglas05.png 680w, https:\/\/hoh.helmantika.com\/wp-content\/uploads\/2024\/04\/Douglas05-300x229.png 300w, https:\/\/hoh.helmantika.com\/wp-content\/uploads\/2024\/04\/Douglas05-16x12.png 16w, https:\/\/hoh.helmantika.com\/wp-content\/uploads\/2024\/04\/Douglas05-650x497.png 650w\" sizes=\"auto, (max-width: 680px) 100vw, 680px\" \/><\/figure><\/div>\n\n<div class=\"wp-block-image\">\n<figure class=\"aligncenter size-full\"><img loading=\"lazy\" decoding=\"async\" width=\"680\" height=\"520\" src=\"https:\/\/hoh.helmantika.com\/wp-content\/uploads\/2024\/04\/Douglas06.png\" alt=\"\" class=\"wp-image-377\" srcset=\"https:\/\/hoh.helmantika.com\/wp-content\/uploads\/2024\/04\/Douglas06.png 680w, https:\/\/hoh.helmantika.com\/wp-content\/uploads\/2024\/04\/Douglas06-300x229.png 300w, https:\/\/hoh.helmantika.com\/wp-content\/uploads\/2024\/04\/Douglas06-16x12.png 16w, https:\/\/hoh.helmantika.com\/wp-content\/uploads\/2024\/04\/Douglas06-650x497.png 650w\" sizes=\"auto, (max-width: 680px) 100vw, 680px\" \/><\/figure><\/div>","protected":false},"excerpt":{"rendered":"<p>Douglas Mencken encontr\u00f3 nuestra versi\u00f3n de Head over Heels all\u00e1 por el a\u00f1o 2016. Su primer objetivo fue crear una versi\u00f3n para Mac OS X del juego. Posteriormente, ha ido a\u00f1adi\u00e9ndole nuevas caracter\u00edsticas con la [&hellip;]<\/p>","protected":false},"author":1,"featured_media":0,"parent":0,"menu_order":0,"comment_status":"closed","ping_status":"closed","template":"","meta":{"footnotes":""},"class_list":["post-369","page","type-page","status-publish","hentry"],"_links":{"self":[{"href":"https:\/\/hoh.helmantika.com\/en\/wp-json\/wp\/v2\/pages\/369","targetHints":{"allow":["GET"]}}],"collection":[{"href":"https:\/\/hoh.helmantika.com\/en\/wp-json\/wp\/v2\/pages"}],"about":[{"href":"https:\/\/hoh.helmantika.com\/en\/wp-json\/wp\/v2\/types\/page"}],"author":[{"embeddable":true,"href":"https:\/\/hoh.helmantika.com\/en\/wp-json\/wp\/v2\/users\/1"}],"replies":[{"embeddable":true,"href":"https:\/\/hoh.helmantika.com\/en\/wp-json\/wp\/v2\/comments?post=369"}],"version-history":[{"count":9,"href":"https:\/\/hoh.helmantika.com\/en\/wp-json\/wp\/v2\/pages\/369\/revisions"}],"predecessor-version":[{"id":384,"href":"https:\/\/hoh.helmantika.com\/en\/wp-json\/wp\/v2\/pages\/369\/revisions\/384"}],"wp:attachment":[{"href":"https:\/\/hoh.helmantika.com\/en\/wp-json\/wp\/v2\/media?parent=369"}],"curies":[{"name":"wp","href":"https:\/\/api.w.org\/{rel}","templated":true}]}}